{"id":971,"date":"2021-07-07T11:25:43","date_gmt":"2021-07-07T11:25:43","guid":{"rendered":"https:\/\/recuerdasdeunavida.com\/inicio\/"},"modified":"2022-10-27T11:28:16","modified_gmt":"2022-10-27T09:28:16","slug":"inicio","status":"publish","type":"page","link":"https:\/\/recuerdasdeunavida.com\/en\/","title":{"rendered":"Home"},"content":{"rendered":"\t\t<div data-elementor-type=\"wp-page\" data-elementor-id=\"971\" class=\"elementor elementor-971 elementor-6\" data-elementor-post-type=\"page\">\n\t\t\t\t\t\t<section class=\"elementor-section elementor-top-section elementor-element elementor-element-c46ede0 elementor-section-full_width elementor-section-height-default elementor-section-height-default\" data-id=\"c46ede0\" data-element_type=\"section\" data-e-type=\"section\" data-settings=\"{&quot;background_background&quot;:&quot;classic&quot;}\">\n\t\t\t\t\t\t<div class=\"elementor-container elementor-column-gap-default\">\n\t\t\t\t\t<div class=\"elementor-column elementor-col-100 elementor-top-column elementor-element elementor-element-92f3e7d\" data-id=\"92f3e7d\" data-element_type=\"column\" data-e-type=\"column\">\n\t\t\t<div class=\"elementor-widget-wrap elementor-element-populated\">\n\t\t\t\t\t\t<div class=\"elementor-element elementor-element-c8002d3 elementor-widget elementor-widget-image\" data-id=\"c8002d3\" data-element_type=\"widget\" data-e-type=\"widget\" data-widget_type=\"image.default\">\n\t\t\t\t<div class=\"elementor-widget-container\">\n\t\t\t\t\t\t\t\t\t\t\t\t\t\t\t<img fetchpriority=\"high\" decoding=\"async\" width=\"1546\" height=\"931\" src=\"https:\/\/recuerdasdeunavida.com\/wp-content\/uploads\/2021\/07\/background-recuerdas-1.jpg\" class=\"attachment-full size-full wp-image-949\" alt=\"\" srcset=\"https:\/\/recuerdasdeunavida.com\/wp-content\/uploads\/2021\/07\/background-recuerdas-1.jpg 1546w, https:\/\/recuerdasdeunavida.com\/wp-content\/uploads\/2021\/07\/background-recuerdas-1-300x181.jpg 300w, https:\/\/recuerdasdeunavida.com\/wp-content\/uploads\/2021\/07\/background-recuerdas-1-1024x617.jpg 1024w, https:\/\/recuerdasdeunavida.com\/wp-content\/uploads\/2021\/07\/background-recuerdas-1-768x462.jpg 768w, https:\/\/recuerdasdeunavida.com\/wp-content\/uploads\/2021\/07\/background-recuerdas-1-1536x925.jpg 1536w\" sizes=\"(max-width: 1546px) 100vw, 1546px\" \/>\t\t\t\t\t\t\t\t\t\t\t\t\t\t\t<\/div>\n\t\t\t\t<\/div>\n\t\t\t\t<div class=\"elementor-element elementor-element-8eb92ed elementor-widget elementor-widget-image\" data-id=\"8eb92ed\" data-element_type=\"widget\" data-e-type=\"widget\" data-widget_type=\"image.default\">\n\t\t\t\t<div class=\"elementor-widget-container\">\n\t\t\t\t\t\t\t\t\t\t\t\t\t\t\t<img decoding=\"async\" width=\"791\" height=\"235\" src=\"https:\/\/recuerdasdeunavida.com\/wp-content\/uploads\/2021\/11\/logo-recuerdas-2x.png\" class=\"attachment-full size-full wp-image-1053\" alt=\"\" srcset=\"https:\/\/recuerdasdeunavida.com\/wp-content\/uploads\/2021\/11\/logo-recuerdas-2x.png 791w, https:\/\/recuerdasdeunavida.com\/wp-content\/uploads\/2021\/11\/logo-recuerdas-2x-300x89.png 300w, https:\/\/recuerdasdeunavida.com\/wp-content\/uploads\/2021\/11\/logo-recuerdas-2x-768x228.png 768w\" sizes=\"(max-width: 791px) 100vw, 791px\" \/>\t\t\t\t\t\t\t\t\t\t\t\t\t\t\t<\/div>\n\t\t\t\t<\/div>\n\t\t\t\t\t<\/div>\n\t\t<\/div>\n\t\t\t\t\t<\/div>\n\t\t<\/section>\n\t\t\t\t<section class=\"elementor-section elementor-top-section elementor-element elementor-element-cd4b0e9 elementor-section-boxed elementor-section-height-default elementor-section-height-default\" data-id=\"cd4b0e9\" data-element_type=\"section\" data-e-type=\"section\" data-settings=\"{&quot;background_background&quot;:&quot;classic&quot;}\">\n\t\t\t\t\t\t<div class=\"elementor-container elementor-column-gap-default\">\n\t\t\t\t\t<div class=\"elementor-column elementor-col-100 elementor-top-column elementor-element elementor-element-289259c\" data-id=\"289259c\" data-element_type=\"column\" data-e-type=\"column\">\n\t\t\t<div class=\"elementor-widget-wrap elementor-element-populated\">\n\t\t\t\t\t\t<div class=\"elementor-element elementor-element-552a8a2 elementor-widget elementor-widget-heading\" data-id=\"552a8a2\" data-element_type=\"widget\" data-e-type=\"widget\" data-widget_type=\"heading.default\">\n\t\t\t\t<div class=\"elementor-widget-container\">\n\t\t\t\t\t<h2 class=\"elementor-heading-title elementor-size-default\">\u201cOnly who remains in oblivion dies\u201d<\/h2>\t\t\t\t<\/div>\n\t\t\t\t<\/div>\n\t\t\t\t<div class=\"elementor-element elementor-element-4c480fa elementor-widget elementor-widget-text-editor\" data-id=\"4c480fa\" data-element_type=\"widget\" data-e-type=\"widget\" data-widget_type=\"text-editor.default\">\n\t\t\t\t<div class=\"elementor-widget-container\">\n\t\t\t\t\t\t\t\t\t<p>This website is a tribute to the figure of an extraordinary man, who dedicated a large part of his life to one of his great passions: the Spanish classical guitar.<\/p><p>The memory and constant presence of his work on countless stages around the world are the best proof that \u00c1ngel will always be there.<\/p>\t\t\t\t\t\t\t\t<\/div>\n\t\t\t\t<\/div>\n\t\t\t\t\t<\/div>\n\t\t<\/div>\n\t\t\t\t\t<\/div>\n\t\t<\/section>\n\t\t\t\t<section class=\"elementor-section elementor-top-section elementor-element elementor-element-68425190 elementor-section-content-middle elementor-reverse-mobile elementor-section-boxed elementor-section-height-default elementor-section-height-default\" data-id=\"68425190\" data-element_type=\"section\" data-e-type=\"section\" data-settings=\"{&quot;background_background&quot;:&quot;classic&quot;}\">\n\t\t\t\t\t\t<div class=\"elementor-container elementor-column-gap-no\">\n\t\t\t\t\t<div class=\"elementor-column elementor-col-50 elementor-top-column elementor-element elementor-element-15d30b33\" data-id=\"15d30b33\" data-element_type=\"column\" data-e-type=\"column\">\n\t\t\t<div class=\"elementor-widget-wrap elementor-element-populated\">\n\t\t\t\t\t\t<div class=\"elementor-element elementor-element-25664cf0 elementor-widget elementor-widget-heading\" data-id=\"25664cf0\" data-element_type=\"widget\" data-e-type=\"widget\" data-widget_type=\"heading.default\">\n\t\t\t\t<div class=\"elementor-widget-container\">\n\t\t\t\t\t<h2 class=\"elementor-heading-title elementor-size-default\">The Spanish Classical Guitar\n<\/h2>\t\t\t\t<\/div>\n\t\t\t\t<\/div>\n\t\t\t\t<div class=\"elementor-element elementor-element-f6bed elementor-widget elementor-widget-text-editor\" data-id=\"f6bed\" data-element_type=\"widget\" data-e-type=\"widget\" data-widget_type=\"text-editor.default\">\n\t\t\t\t<div class=\"elementor-widget-container\">\n\t\t\t\t\t\t\t\t\t<p class=\"p1\"><span class=\"s1\">The musical and extraordinarily varied dimension of the Spanish classical guitar is admired all over the world. We are, without a doubt, before one of the best ambassadors of our nation. It has always been a source of pride for Spain.<\/span><\/p>\t\t\t\t\t\t\t\t<\/div>\n\t\t\t\t<\/div>\n\t\t\t\t<div class=\"elementor-element elementor-element-49b8611 elementor-widget elementor-widget-text-editor\" data-id=\"49b8611\" data-element_type=\"widget\" data-e-type=\"widget\" data-widget_type=\"text-editor.default\">\n\t\t\t\t<div class=\"elementor-widget-container\">\n\t\t\t\t\t\t\t\t\t<p class=\"p1\"><span class=\"s1\"><i>&#8220;The guitar is eternal, immortal. The only thing that changes are the hands that caress it. Music has a historical debt with the Spanish classical guitar. My intention is to do my bit to reduce this debt&#8221;<\/i><\/span><\/p>\t\t\t\t\t\t\t\t<\/div>\n\t\t\t\t<\/div>\n\t\t\t\t<div class=\"elementor-element elementor-element-7c9962b elementor-widget elementor-widget-text-editor\" data-id=\"7c9962b\" data-element_type=\"widget\" data-e-type=\"widget\" data-widget_type=\"text-editor.default\">\n\t\t\t\t<div class=\"elementor-widget-container\">\n\t\t\t\t\t\t\t\t\t<p>\u00c1ngel G. Pi\u00f1ero<\/p>\t\t\t\t\t\t\t\t<\/div>\n\t\t\t\t<\/div>\n\t\t\t\t\t<\/div>\n\t\t<\/div>\n\t\t\t\t<div class=\"elementor-column elementor-col-50 elementor-top-column elementor-element elementor-element-41c7ed8c\" data-id=\"41c7ed8c\" data-element_type=\"column\" data-e-type=\"column\">\n\t\t\t<div class=\"elementor-widget-wrap elementor-element-populated\">\n\t\t\t\t\t\t<div class=\"elementor-element elementor-element-93a54d4 elementor-widget elementor-widget-image\" data-id=\"93a54d4\" data-element_type=\"widget\" data-e-type=\"widget\" data-widget_type=\"image.default\">\n\t\t\t\t<div class=\"elementor-widget-container\">\n\t\t\t\t\t\t\t\t\t\t\t\t<figure class=\"wp-caption\">\n\t\t\t\t\t\t\t\t\t\t<img decoding=\"async\" width=\"510\" height=\"361\" src=\"https:\/\/recuerdasdeunavida.com\/wp-content\/uploads\/2021\/07\/1.jpg\" class=\"attachment-full size-full wp-image-947\" alt=\"\" srcset=\"https:\/\/recuerdasdeunavida.com\/wp-content\/uploads\/2021\/07\/1.jpg 510w, https:\/\/recuerdasdeunavida.com\/wp-content\/uploads\/2021\/07\/1-300x212.jpg 300w\" sizes=\"(max-width: 510px) 100vw, 510px\" \/>\t\t\t\t\t\t\t\t\t\t\t<figcaption class=\"widget-image-caption wp-caption-text\">Playing with the left hand and plucking the strings with the  fingernail. Sonority: bright and superficial.<\/figcaption>\n\t\t\t\t\t\t\t\t\t\t<\/figure>\n\t\t\t\t\t\t\t\t\t<\/div>\n\t\t\t\t<\/div>\n\t\t\t\t\t<\/div>\n\t\t<\/div>\n\t\t\t\t\t<\/div>\n\t\t<\/section>\n\t\t\t\t<section class=\"elementor-section elementor-top-section elementor-element elementor-element-d85514c elementor-section-content-middle elementor-reverse-mobile elementor-section-boxed elementor-section-height-default elementor-section-height-default\" data-id=\"d85514c\" data-element_type=\"section\" data-e-type=\"section\" data-settings=\"{&quot;background_background&quot;:&quot;classic&quot;}\">\n\t\t\t\t\t\t<div class=\"elementor-container elementor-column-gap-no\">\n\t\t\t\t\t<div class=\"elementor-column elementor-col-50 elementor-top-column elementor-element elementor-element-400f31c\" data-id=\"400f31c\" data-element_type=\"column\" data-e-type=\"column\">\n\t\t\t<div class=\"elementor-widget-wrap elementor-element-populated\">\n\t\t\t\t\t\t<div class=\"elementor-element elementor-element-9c4ba27 elementor-widget elementor-widget-image\" data-id=\"9c4ba27\" data-element_type=\"widget\" data-e-type=\"widget\" data-widget_type=\"image.default\">\n\t\t\t\t<div class=\"elementor-widget-container\">\n\t\t\t\t\t\t\t\t\t\t\t\t<figure class=\"wp-caption\">\n\t\t\t\t\t\t\t\t\t\t<img loading=\"lazy\" decoding=\"async\" width=\"510\" height=\"361\" src=\"https:\/\/recuerdasdeunavida.com\/wp-content\/uploads\/2021\/07\/2.jpg\" class=\"attachment-full size-full wp-image-946\" alt=\"\" srcset=\"https:\/\/recuerdasdeunavida.com\/wp-content\/uploads\/2021\/07\/2.jpg 510w, https:\/\/recuerdasdeunavida.com\/wp-content\/uploads\/2021\/07\/2-300x212.jpg 300w\" sizes=\"(max-width: 510px) 100vw, 510px\" \/>\t\t\t\t\t\t\t\t\t\t\t<figcaption class=\"widget-image-caption wp-caption-text\">Playing the guitar with the right hand and plucking the strings with the fingertip. Sound: soft, pure, deep, smooth, and intimate.<\/figcaption>\n\t\t\t\t\t\t\t\t\t\t<\/figure>\n\t\t\t\t\t\t\t\t\t<\/div>\n\t\t\t\t<\/div>\n\t\t\t\t\t<\/div>\n\t\t<\/div>\n\t\t\t\t<div class=\"elementor-column elementor-col-50 elementor-top-column elementor-element elementor-element-d69f4dd\" data-id=\"d69f4dd\" data-element_type=\"column\" data-e-type=\"column\">\n\t\t\t<div class=\"elementor-widget-wrap elementor-element-populated\">\n\t\t\t\t\t\t<div class=\"elementor-element elementor-element-44d13a9 elementor-widget elementor-widget-heading\" data-id=\"44d13a9\" data-element_type=\"widget\" data-e-type=\"widget\" data-widget_type=\"heading.default\">\n\t\t\t\t<div class=\"elementor-widget-container\">\n\t\t\t\t\t<h2 class=\"elementor-heading-title elementor-size-default\">The Inspiration\n<\/h2>\t\t\t\t<\/div>\n\t\t\t\t<\/div>\n\t\t\t\t<div class=\"elementor-element elementor-element-e5356ae elementor-widget elementor-widget-text-editor\" data-id=\"e5356ae\" data-element_type=\"widget\" data-e-type=\"widget\" data-widget_type=\"text-editor.default\">\n\t\t\t\t<div class=\"elementor-widget-container\">\n\t\t\t\t\t\t\t\t\t<p class=\"p1\"><span class=\"s1\">The Spanish classical guitar has played a leading role in the creation of great composers.<\/span><\/p><p class=\"p1\"><span class=\"s1\">Its ability to be a small orchestra, with its own personality and multiple technical possibilities and nuances in its sound, has been an attraction for many of them. Despite this, the great classical music compositions that have been made throughout history have not had the guitar as a protagonist. There is very little music written for guitar and symphonic orchestra, compared to what has been written for piano and violin.<\/span><\/p>\t\t\t\t\t\t\t\t<\/div>\n\t\t\t\t<\/div>\n\t\t\t\t\t<\/div>\n\t\t<\/div>\n\t\t\t\t\t<\/div>\n\t\t<\/section>\n\t\t\t\t<section class=\"elementor-section elementor-top-section elementor-element elementor-element-786c124 elementor-section-boxed elementor-section-height-default elementor-section-height-default\" data-id=\"786c124\" data-element_type=\"section\" data-e-type=\"section\" data-settings=\"{&quot;background_background&quot;:&quot;classic&quot;}\">\n\t\t\t\t\t\t<div class=\"elementor-container elementor-column-gap-default\">\n\t\t\t\t\t<div class=\"elementor-column elementor-col-50 elementor-top-column elementor-element elementor-element-a28334a\" data-id=\"a28334a\" data-element_type=\"column\" data-e-type=\"column\">\n\t\t\t<div class=\"elementor-widget-wrap elementor-element-populated\">\n\t\t\t\t\t\t<div class=\"elementor-element elementor-element-6b60524 elementor-widget elementor-widget-text-editor\" data-id=\"6b60524\" data-element_type=\"widget\" data-e-type=\"widget\" data-widget_type=\"text-editor.default\">\n\t\t\t\t<div class=\"elementor-widget-container\">\n\t\t\t\t\t\t\t\t\t<p class=\"p1\"><span class=\"s1\"><i>\u201cLean your body forward slightly to support the guitar against your chest, for the poetry of the music should resound in your heart.\u201d<\/i><\/span><\/p>\t\t\t\t\t\t\t\t<\/div>\n\t\t\t\t<\/div>\n\t\t\t\t<div class=\"elementor-element elementor-element-7f8d1b6 elementor-widget elementor-widget-text-editor\" data-id=\"7f8d1b6\" data-element_type=\"widget\" data-e-type=\"widget\" data-widget_type=\"text-editor.default\">\n\t\t\t\t<div class=\"elementor-widget-container\">\n\t\t\t\t\t\t\t\t\t<p>Andr\u00e9s Segovia<\/p>\t\t\t\t\t\t\t\t<\/div>\n\t\t\t\t<\/div>\n\t\t\t\t<div class=\"elementor-element elementor-element-a3c2f60 elementor-widget elementor-widget-text-editor\" data-id=\"a3c2f60\" data-element_type=\"widget\" data-e-type=\"widget\" data-widget_type=\"text-editor.default\">\n\t\t\t\t<div class=\"elementor-widget-container\">\n\t\t\t\t\t\t\t\t\t<p class=\"p1\"><span class=\"s1\"><i>\u201cWithout music, life would be a mistake\u201d.<\/i><\/span><\/p>\t\t\t\t\t\t\t\t<\/div>\n\t\t\t\t<\/div>\n\t\t\t\t<div class=\"elementor-element elementor-element-8ae8461 elementor-widget elementor-widget-text-editor\" data-id=\"8ae8461\" data-element_type=\"widget\" data-e-type=\"widget\" data-widget_type=\"text-editor.default\">\n\t\t\t\t<div class=\"elementor-widget-container\">\n\t\t\t\t\t\t\t\t\t<p>Friedrich Nietzsche<\/p>\t\t\t\t\t\t\t\t<\/div>\n\t\t\t\t<\/div>\n\t\t\t\t\t<\/div>\n\t\t<\/div>\n\t\t\t\t<div class=\"elementor-column elementor-col-50 elementor-top-column elementor-element elementor-element-5820150\" data-id=\"5820150\" data-element_type=\"column\" data-e-type=\"column\">\n\t\t\t<div class=\"elementor-widget-wrap\">\n\t\t\t\t\t\t\t<\/div>\n\t\t<\/div>\n\t\t\t\t\t<\/div>\n\t\t<\/section>\n\t\t\t\t<section class=\"elementor-section elementor-top-section elementor-element elementor-element-a94fad7 elementor-hidden-desktop elementor-hidden-tablet elementor-hidden-mobile elementor-section-boxed elementor-section-height-default elementor-section-height-default\" data-id=\"a94fad7\" data-element_type=\"section\" data-e-type=\"section\" data-settings=\"{&quot;background_background&quot;:&quot;classic&quot;}\">\n\t\t\t\t\t\t<div class=\"elementor-container elementor-column-gap-default\">\n\t\t\t\t\t<div class=\"elementor-column elementor-col-50 elementor-top-column elementor-element elementor-element-e30d866\" data-id=\"e30d866\" data-element_type=\"column\" data-e-type=\"column\">\n\t\t\t<div class=\"elementor-widget-wrap elementor-element-populated\">\n\t\t\t\t\t\t<div class=\"elementor-element elementor-element-8741dd6 elementor-widget elementor-widget-heading\" data-id=\"8741dd6\" data-element_type=\"widget\" data-e-type=\"widget\" data-widget_type=\"heading.default\">\n\t\t\t\t<div class=\"elementor-widget-container\">\n\t\t\t\t\t<h2 class=\"elementor-heading-title elementor-size-default\">THE CONCERT\n<\/h2>\t\t\t\t<\/div>\n\t\t\t\t<\/div>\n\t\t\t\t<div class=\"elementor-element elementor-element-74d3e45 elementor-widget elementor-widget-text-editor\" data-id=\"74d3e45\" data-element_type=\"widget\" data-e-type=\"widget\" data-widget_type=\"text-editor.default\">\n\t\t\t\t<div class=\"elementor-widget-container\">\n\t\t\t\t\t\t\t\t\t<p lang=\"en-US\"><span style=\"color: #000000;\"><b>Concert in tribute to the Spanish classical guitar, in memory of \u00c1ngel G. Pi\u00f1ero.<\/b><\/span><\/p><p lang=\"en-US\"><span style=\"color: #000000;\">The concert took place at the Teatro Real in Madrid on 24 March 2022, with the participation of the Orquesta Cl\u00e1sica Santa Cecilia (Fundaci\u00f3n Excelentia), conducted by Jos\u00e9 Antonio Monta\u00f1o, considered by the specialized music press as &#8220;one of the most promising Spanish conductors of the moment&#8221;.<\/span><\/p><p lang=\"en-US\"><span style=\"color: #000000;\">The concert featured the participation of renowned international artists from the world of the Spanish classical guitar.<\/span><\/p>\t\t\t\t\t\t\t\t<\/div>\n\t\t\t\t<\/div>\n\t\t\t\t<div class=\"elementor-element elementor-element-43fd190 elementor-widget elementor-widget-text-editor\" data-id=\"43fd190\" data-element_type=\"widget\" data-e-type=\"widget\" data-widget_type=\"text-editor.default\">\n\t\t\t\t<div class=\"elementor-widget-container\">\n\t\t\t\t\t\t\t\t\t<p class=\"p1\"><span class=\"s1\"><b>Guest artists<\/b><\/span><\/p><p><span style=\"color: #000000;\"><span lang=\"en-US\">The concert featured the participation of the winners and finalists of the last editions of the \u00c1ngel G. Pi\u00f1ero International Classical Guitar Competition, Luca Romanelli (Italy), Stanislav Steshenko (Ukraine) and the Chagall Quartet (Spain), who performed works by \u00c1ngel G. Pi\u00f1ero, as a contribution to his great career as a composer. The soprano Est\u00edbaliz Martyn (Spain) and the dancer Manuel Garrido (Spain), from the <\/span><\/span><span style=\"color: #000000;\"><span lang=\"en-US\"><i>Op\u00e9ra National de Paris<\/i><\/span><\/span><span style=\"color: #000000;\"><span lang=\"en-US\">, performed as special guests. The guitarist Roman Zorkin (Russia) was scheduled to participate, but for reasons beyond his control, he was unable to travel to Madrid to take part in the tribute to \u00c1ngel G. Pi\u00f1ero.<\/span><\/span><\/p>\t\t\t\t\t\t\t\t<\/div>\n\t\t\t\t<\/div>\n\t\t\t\t\t<\/div>\n\t\t<\/div>\n\t\t\t\t<div class=\"elementor-column elementor-col-50 elementor-top-column elementor-element elementor-element-34f2a8f\" data-id=\"34f2a8f\" data-element_type=\"column\" data-e-type=\"column\">\n\t\t\t<div class=\"elementor-widget-wrap elementor-element-populated\">\n\t\t\t\t\t\t<div class=\"elementor-element elementor-element-e3c762e elementor-widget elementor-widget-image\" data-id=\"e3c762e\" data-element_type=\"widget\" data-e-type=\"widget\" data-widget_type=\"image.default\">\n\t\t\t\t<div class=\"elementor-widget-container\">\n\t\t\t\t\t\t\t\t\t\t\t\t\t\t\t<img loading=\"lazy\" decoding=\"async\" width=\"800\" height=\"550\" src=\"https:\/\/recuerdasdeunavida.com\/wp-content\/uploads\/2021\/07\/CONCIERTO.jpg\" class=\"attachment-large size-large wp-image-959\" alt=\"\" srcset=\"https:\/\/recuerdasdeunavida.com\/wp-content\/uploads\/2021\/07\/CONCIERTO.jpg 855w, https:\/\/recuerdasdeunavida.com\/wp-content\/uploads\/2021\/07\/CONCIERTO-300x206.jpg 300w, https:\/\/recuerdasdeunavida.com\/wp-content\/uploads\/2021\/07\/CONCIERTO-768x528.jpg 768w\" sizes=\"(max-width: 800px) 100vw, 800px\" \/>\t\t\t\t\t\t\t\t\t\t\t\t\t\t\t<\/div>\n\t\t\t\t<\/div>\n\t\t\t\t\t<\/div>\n\t\t<\/div>\n\t\t\t\t\t<\/div>\n\t\t<\/section>\n\t\t\t\t<section class=\"elementor-section elementor-top-section elementor-element elementor-element-1aacca5 elementor-section-content-middle elementor-reverse-mobile elementor-section-boxed elementor-section-height-default elementor-section-height-default\" data-id=\"1aacca5\" data-element_type=\"section\" data-e-type=\"section\" data-settings=\"{&quot;background_background&quot;:&quot;classic&quot;}\">\n\t\t\t\t\t\t<div class=\"elementor-container elementor-column-gap-no\">\n\t\t\t\t\t<div class=\"elementor-column elementor-col-50 elementor-top-column elementor-element elementor-element-703132f\" data-id=\"703132f\" data-element_type=\"column\" data-e-type=\"column\">\n\t\t\t<div class=\"elementor-widget-wrap elementor-element-populated\">\n\t\t\t\t\t\t<div class=\"elementor-element elementor-element-b5be61b elementor-widget elementor-widget-image\" data-id=\"b5be61b\" data-element_type=\"widget\" data-e-type=\"widget\" data-widget_type=\"image.default\">\n\t\t\t\t<div class=\"elementor-widget-container\">\n\t\t\t\t\t\t\t\t\t\t\t\t\t\t\t<img loading=\"lazy\" decoding=\"async\" width=\"632\" height=\"446\" src=\"https:\/\/recuerdasdeunavida.com\/wp-content\/uploads\/2021\/07\/3.jpg\" class=\"attachment-full size-full wp-image-950\" alt=\"\" srcset=\"https:\/\/recuerdasdeunavida.com\/wp-content\/uploads\/2021\/07\/3.jpg 632w, https:\/\/recuerdasdeunavida.com\/wp-content\/uploads\/2021\/07\/3-300x212.jpg 300w\" sizes=\"(max-width: 632px) 100vw, 632px\" \/>\t\t\t\t\t\t\t\t\t\t\t\t\t\t\t<\/div>\n\t\t\t\t<\/div>\n\t\t\t\t\t<\/div>\n\t\t<\/div>\n\t\t\t\t<div class=\"elementor-column elementor-col-50 elementor-top-column elementor-element elementor-element-5b7a1b3\" data-id=\"5b7a1b3\" data-element_type=\"column\" data-e-type=\"column\">\n\t\t\t<div class=\"elementor-widget-wrap elementor-element-populated\">\n\t\t\t\t\t\t<div class=\"elementor-element elementor-element-35b3209 elementor-widget elementor-widget-text-editor\" data-id=\"35b3209\" data-element_type=\"widget\" data-e-type=\"widget\" data-widget_type=\"text-editor.default\">\n\t\t\t\t<div class=\"elementor-widget-container\">\n\t\t\t\t\t\t\t\t\t<p class=\"p1\"><span class=\"s1\"><i>&#8220;There is very little music written for guitar and symphony orchestra, compared to what is written for piano and violin. It is for this reason that I dedicate myself to fill this void by composing for guitar and symphony orchestra and for guitar and string quartet<\/i><\/span><span class=\"s2\"><i>\u201d. To spread the Spanish classical guitar around the world.<\/i><\/span><\/p>\t\t\t\t\t\t\t\t<\/div>\n\t\t\t\t<\/div>\n\t\t\t\t<div class=\"elementor-element elementor-element-d0dd131 elementor-widget elementor-widget-text-editor\" data-id=\"d0dd131\" data-element_type=\"widget\" data-e-type=\"widget\" data-widget_type=\"text-editor.default\">\n\t\t\t\t<div class=\"elementor-widget-container\">\n\t\t\t\t\t\t\t\t\t<p>\u00c1ngel G. Pi\u00f1ero<\/p>\t\t\t\t\t\t\t\t<\/div>\n\t\t\t\t<\/div>\n\t\t\t\t\t<\/div>\n\t\t<\/div>\n\t\t\t\t\t<\/div>\n\t\t<\/section>\n\t\t\t\t<\/div>\n\t\t","protected":false},"excerpt":{"rendered":"<p>\u201cOnly who remains in oblivion dies\u201d This website is a tribute to the figure of an extraordinary man, who dedicated a large part of his life to one of his great passions: the Spanish classical guitar. The memory and constant presence of his work on countless stages around the world are the best proof that [&hellip;]<\/p>\n","protected":false},"author":1,"featured_media":0,"parent":0,"menu_order":0,"comment_status":"closed","ping_status":"closed","template":"","meta":{"footnotes":""},"class_list":["post-971","page","type-page","status-publish","hentry"],"_links":{"self":[{"href":"https:\/\/recuerdasdeunavida.com\/en\/wp-json\/wp\/v2\/pages\/971","targetHints":{"allow":["GET"]}}],"collection":[{"href":"https:\/\/recuerdasdeunavida.com\/en\/wp-json\/wp\/v2\/pages"}],"about":[{"href":"https:\/\/recuerdasdeunavida.com\/en\/wp-json\/wp\/v2\/types\/page"}],"author":[{"embeddable":true,"href":"https:\/\/recuerdasdeunavida.com\/en\/wp-json\/wp\/v2\/users\/1"}],"replies":[{"embeddable":true,"href":"https:\/\/recuerdasdeunavida.com\/en\/wp-json\/wp\/v2\/comments?post=971"}],"version-history":[{"count":61,"href":"https:\/\/recuerdasdeunavida.com\/en\/wp-json\/wp\/v2\/pages\/971\/revisions"}],"predecessor-version":[{"id":4000,"href":"https:\/\/recuerdasdeunavida.com\/en\/wp-json\/wp\/v2\/pages\/971\/revisions\/4000"}],"wp:attachment":[{"href":"https:\/\/recuerdasdeunavida.com\/en\/wp-json\/wp\/v2\/media?parent=971"}],"curies":[{"name":"wp","href":"https:\/\/api.w.org\/{rel}","templated":true}]}}