{"id":1235,"date":"2021-07-07T11:25:43","date_gmt":"2021-07-07T11:25:43","guid":{"rendered":"https:\/\/recuerdasdeunavida.com\/inicio\/"},"modified":"2022-10-27T11:34:02","modified_gmt":"2022-10-27T09:34:02","slug":"inicio","status":"publish","type":"page","link":"https:\/\/recuerdasdeunavida.com\/fr\/","title":{"rendered":"Accueil"},"content":{"rendered":"\t\t<div data-elementor-type=\"wp-page\" data-elementor-id=\"1235\" class=\"elementor elementor-1235 elementor-6\" data-elementor-post-type=\"page\">\n\t\t\t\t\t\t<section class=\"elementor-section elementor-top-section elementor-element elementor-element-c46ede0 elementor-section-full_width elementor-section-height-default elementor-section-height-default\" data-id=\"c46ede0\" data-element_type=\"section\" data-e-type=\"section\" data-settings=\"{&quot;background_background&quot;:&quot;classic&quot;}\">\n\t\t\t\t\t\t<div class=\"elementor-container elementor-column-gap-default\">\n\t\t\t\t\t<div class=\"elementor-column elementor-col-100 elementor-top-column elementor-element elementor-element-92f3e7d\" data-id=\"92f3e7d\" data-element_type=\"column\" data-e-type=\"column\">\n\t\t\t<div class=\"elementor-widget-wrap elementor-element-populated\">\n\t\t\t\t\t\t<div class=\"elementor-element elementor-element-c8002d3 elementor-widget elementor-widget-image\" data-id=\"c8002d3\" data-element_type=\"widget\" data-e-type=\"widget\" data-widget_type=\"image.default\">\n\t\t\t\t<div class=\"elementor-widget-container\">\n\t\t\t\t\t\t\t\t\t\t\t\t\t\t\t<img fetchpriority=\"high\" decoding=\"async\" width=\"1546\" height=\"931\" src=\"https:\/\/recuerdasdeunavida.com\/wp-content\/uploads\/2021\/07\/background-recuerdas-1.jpg\" class=\"attachment-full size-full wp-image-1240\" alt=\"\" srcset=\"https:\/\/recuerdasdeunavida.com\/wp-content\/uploads\/2021\/07\/background-recuerdas-1.jpg 1546w, https:\/\/recuerdasdeunavida.com\/wp-content\/uploads\/2021\/07\/background-recuerdas-1-300x181.jpg 300w, https:\/\/recuerdasdeunavida.com\/wp-content\/uploads\/2021\/07\/background-recuerdas-1-1024x617.jpg 1024w, https:\/\/recuerdasdeunavida.com\/wp-content\/uploads\/2021\/07\/background-recuerdas-1-768x462.jpg 768w, https:\/\/recuerdasdeunavida.com\/wp-content\/uploads\/2021\/07\/background-recuerdas-1-1536x925.jpg 1536w\" sizes=\"(max-width: 1546px) 100vw, 1546px\" \/>\t\t\t\t\t\t\t\t\t\t\t\t\t\t\t<\/div>\n\t\t\t\t<\/div>\n\t\t\t\t<div class=\"elementor-element elementor-element-8eb92ed elementor-widget elementor-widget-image\" data-id=\"8eb92ed\" data-element_type=\"widget\" data-e-type=\"widget\" data-widget_type=\"image.default\">\n\t\t\t\t<div class=\"elementor-widget-container\">\n\t\t\t\t\t\t\t\t\t\t\t\t\t\t\t<img decoding=\"async\" width=\"791\" height=\"235\" src=\"https:\/\/recuerdasdeunavida.com\/wp-content\/uploads\/2021\/11\/logo-recuerdas-2x.png\" class=\"attachment-full size-full wp-image-1342\" alt=\"\" srcset=\"https:\/\/recuerdasdeunavida.com\/wp-content\/uploads\/2021\/11\/logo-recuerdas-2x.png 791w, https:\/\/recuerdasdeunavida.com\/wp-content\/uploads\/2021\/11\/logo-recuerdas-2x-300x89.png 300w, https:\/\/recuerdasdeunavida.com\/wp-content\/uploads\/2021\/11\/logo-recuerdas-2x-768x228.png 768w\" sizes=\"(max-width: 791px) 100vw, 791px\" \/>\t\t\t\t\t\t\t\t\t\t\t\t\t\t\t<\/div>\n\t\t\t\t<\/div>\n\t\t\t\t\t<\/div>\n\t\t<\/div>\n\t\t\t\t\t<\/div>\n\t\t<\/section>\n\t\t\t\t<section class=\"elementor-section elementor-top-section elementor-element elementor-element-cd4b0e9 elementor-section-boxed elementor-section-height-default elementor-section-height-default\" data-id=\"cd4b0e9\" data-element_type=\"section\" data-e-type=\"section\" data-settings=\"{&quot;background_background&quot;:&quot;classic&quot;}\">\n\t\t\t\t\t\t<div class=\"elementor-container elementor-column-gap-default\">\n\t\t\t\t\t<div class=\"elementor-column elementor-col-100 elementor-top-column elementor-element elementor-element-289259c\" data-id=\"289259c\" data-element_type=\"column\" data-e-type=\"column\">\n\t\t\t<div class=\"elementor-widget-wrap elementor-element-populated\">\n\t\t\t\t\t\t<div class=\"elementor-element elementor-element-552a8a2 elementor-widget elementor-widget-heading\" data-id=\"552a8a2\" data-element_type=\"widget\" data-e-type=\"widget\" data-widget_type=\"heading.default\">\n\t\t\t\t<div class=\"elementor-widget-container\">\n\t\t\t\t\t<h2 class=\"elementor-heading-title elementor-size-default\">\"Seul celui qui reste dans l'oubli meurt\"<\/h2>\t\t\t\t<\/div>\n\t\t\t\t<\/div>\n\t\t\t\t<div class=\"elementor-element elementor-element-4c480fa elementor-widget elementor-widget-text-editor\" data-id=\"4c480fa\" data-element_type=\"widget\" data-e-type=\"widget\" data-widget_type=\"text-editor.default\">\n\t\t\t\t<div class=\"elementor-widget-container\">\n\t\t\t\t\t\t\t\t\t<p>Ce site est un hommage \u00e0 la figure d&rsquo;un homme extraordinaire, qui a consacr\u00e9 une grande partie de sa vie \u00e0 l&rsquo;une de ses grandes passions: la guitare classique espagnole.<\/p><p>La m\u00e9moire et la pr\u00e9sence constante de son travail sur d&rsquo;innombrables sc\u00e8nes \u00e0 travers le monde sont la meilleure preuve qu&rsquo;\u00c1ngel sera toujours l\u00e0.<\/p>\t\t\t\t\t\t\t\t<\/div>\n\t\t\t\t<\/div>\n\t\t\t\t\t<\/div>\n\t\t<\/div>\n\t\t\t\t\t<\/div>\n\t\t<\/section>\n\t\t\t\t<section class=\"elementor-section elementor-top-section elementor-element elementor-element-68425190 elementor-section-content-middle elementor-reverse-mobile elementor-section-boxed elementor-section-height-default elementor-section-height-default\" data-id=\"68425190\" data-element_type=\"section\" data-e-type=\"section\" data-settings=\"{&quot;background_background&quot;:&quot;classic&quot;}\">\n\t\t\t\t\t\t<div class=\"elementor-container elementor-column-gap-no\">\n\t\t\t\t\t<div class=\"elementor-column elementor-col-50 elementor-top-column elementor-element elementor-element-15d30b33\" data-id=\"15d30b33\" data-element_type=\"column\" data-e-type=\"column\">\n\t\t\t<div class=\"elementor-widget-wrap elementor-element-populated\">\n\t\t\t\t\t\t<div class=\"elementor-element elementor-element-25664cf0 elementor-widget elementor-widget-heading\" data-id=\"25664cf0\" data-element_type=\"widget\" data-e-type=\"widget\" data-widget_type=\"heading.default\">\n\t\t\t\t<div class=\"elementor-widget-container\">\n\t\t\t\t\t<h2 class=\"elementor-heading-title elementor-size-default\">La guitare classique espagnole<\/h2>\t\t\t\t<\/div>\n\t\t\t\t<\/div>\n\t\t\t\t<div class=\"elementor-element elementor-element-f6bed elementor-widget elementor-widget-text-editor\" data-id=\"f6bed\" data-element_type=\"widget\" data-e-type=\"widget\" data-widget_type=\"text-editor.default\">\n\t\t\t\t<div class=\"elementor-widget-container\">\n\t\t\t\t\t\t\t\t\t<p class=\"p1\"><span class=\"s1\">La dimension musicale et extraordinairement vari\u00e9e de la guitare classique espagnole est admir\u00e9e dans le monde entier. Nous sommes, sans doute, face \u00e0 un des meilleurs ambassadeurs de notre pays. Une source de fiert\u00e9 pour l\u2019Espagne depuis toujours.<\/span><\/p>\t\t\t\t\t\t\t\t<\/div>\n\t\t\t\t<\/div>\n\t\t\t\t<div class=\"elementor-element elementor-element-49b8611 elementor-widget elementor-widget-text-editor\" data-id=\"49b8611\" data-element_type=\"widget\" data-e-type=\"widget\" data-widget_type=\"text-editor.default\">\n\t\t\t\t<div class=\"elementor-widget-container\">\n\t\t\t\t\t\t\t\t\t<p class=\"p1\"><span class=\"s1\"><i>\u201cLa guitare est \u00e9ternelle, immortelle. Les mains qui la caressent font la diff\u00e9rence. La musique est en dette avec la guitare classique espagnole. C\u2019est pour cette raison que je me suis d\u00e9di\u00e9 \u00e0 combler cette lacune.\u201d<\/i><\/span><\/p>\t\t\t\t\t\t\t\t<\/div>\n\t\t\t\t<\/div>\n\t\t\t\t<div class=\"elementor-element elementor-element-7c9962b elementor-widget elementor-widget-text-editor\" data-id=\"7c9962b\" data-element_type=\"widget\" data-e-type=\"widget\" data-widget_type=\"text-editor.default\">\n\t\t\t\t<div class=\"elementor-widget-container\">\n\t\t\t\t\t\t\t\t\t<p>\u00c1ngel G. Pi\u00f1ero<\/p>\t\t\t\t\t\t\t\t<\/div>\n\t\t\t\t<\/div>\n\t\t\t\t\t<\/div>\n\t\t<\/div>\n\t\t\t\t<div class=\"elementor-column elementor-col-50 elementor-top-column elementor-element elementor-element-41c7ed8c\" data-id=\"41c7ed8c\" data-element_type=\"column\" data-e-type=\"column\">\n\t\t\t<div class=\"elementor-widget-wrap elementor-element-populated\">\n\t\t\t\t\t\t<div class=\"elementor-element elementor-element-93a54d4 elementor-widget elementor-widget-image\" data-id=\"93a54d4\" data-element_type=\"widget\" data-e-type=\"widget\" data-widget_type=\"image.default\">\n\t\t\t\t<div class=\"elementor-widget-container\">\n\t\t\t\t\t\t\t\t\t\t\t\t<figure class=\"wp-caption\">\n\t\t\t\t\t\t\t\t\t\t<img decoding=\"async\" width=\"510\" height=\"361\" src=\"https:\/\/recuerdasdeunavida.com\/wp-content\/uploads\/2021\/07\/1.jpg\" class=\"attachment-full size-full wp-image-1238\" alt=\"\" srcset=\"https:\/\/recuerdasdeunavida.com\/wp-content\/uploads\/2021\/07\/1.jpg 510w, https:\/\/recuerdasdeunavida.com\/wp-content\/uploads\/2021\/07\/1-300x212.jpg 300w\" sizes=\"(max-width: 510px) 100vw, 510px\" \/>\t\t\t\t\t\t\t\t\t\t\t<figcaption class=\"widget-image-caption wp-caption-text\">De la main gauche, l\u2019\u00e9cole du pincement des cordes avec les ongles. Sonorit\u00e9: brillante et superficielle.<\/figcaption>\n\t\t\t\t\t\t\t\t\t\t<\/figure>\n\t\t\t\t\t\t\t\t\t<\/div>\n\t\t\t\t<\/div>\n\t\t\t\t\t<\/div>\n\t\t<\/div>\n\t\t\t\t\t<\/div>\n\t\t<\/section>\n\t\t\t\t<section class=\"elementor-section elementor-top-section elementor-element elementor-element-d85514c elementor-section-content-middle elementor-reverse-mobile elementor-section-boxed elementor-section-height-default elementor-section-height-default\" data-id=\"d85514c\" data-element_type=\"section\" data-e-type=\"section\" data-settings=\"{&quot;background_background&quot;:&quot;classic&quot;}\">\n\t\t\t\t\t\t<div class=\"elementor-container elementor-column-gap-no\">\n\t\t\t\t\t<div class=\"elementor-column elementor-col-50 elementor-top-column elementor-element elementor-element-400f31c\" data-id=\"400f31c\" data-element_type=\"column\" data-e-type=\"column\">\n\t\t\t<div class=\"elementor-widget-wrap elementor-element-populated\">\n\t\t\t\t\t\t<div class=\"elementor-element elementor-element-9c4ba27 elementor-widget elementor-widget-image\" data-id=\"9c4ba27\" data-element_type=\"widget\" data-e-type=\"widget\" data-widget_type=\"image.default\">\n\t\t\t\t<div class=\"elementor-widget-container\">\n\t\t\t\t\t\t\t\t\t\t\t\t<figure class=\"wp-caption\">\n\t\t\t\t\t\t\t\t\t\t<img loading=\"lazy\" decoding=\"async\" width=\"510\" height=\"361\" src=\"https:\/\/recuerdasdeunavida.com\/wp-content\/uploads\/2021\/07\/2.jpg\" class=\"attachment-full size-full wp-image-1237\" alt=\"\" srcset=\"https:\/\/recuerdasdeunavida.com\/wp-content\/uploads\/2021\/07\/2.jpg 510w, https:\/\/recuerdasdeunavida.com\/wp-content\/uploads\/2021\/07\/2-300x212.jpg 300w\" sizes=\"(max-width: 510px) 100vw, 510px\" \/>\t\t\t\t\t\t\t\t\t\t\t<figcaption class=\"widget-image-caption wp-caption-text\">De la main droite, l\u2019\u00e9cole du pincement des cordes du bout du doigt. Sonorit\u00e9: tendre, pure, profonde, douce et intime.<\/figcaption>\n\t\t\t\t\t\t\t\t\t\t<\/figure>\n\t\t\t\t\t\t\t\t\t<\/div>\n\t\t\t\t<\/div>\n\t\t\t\t\t<\/div>\n\t\t<\/div>\n\t\t\t\t<div class=\"elementor-column elementor-col-50 elementor-top-column elementor-element elementor-element-d69f4dd\" data-id=\"d69f4dd\" data-element_type=\"column\" data-e-type=\"column\">\n\t\t\t<div class=\"elementor-widget-wrap elementor-element-populated\">\n\t\t\t\t\t\t<div class=\"elementor-element elementor-element-44d13a9 elementor-widget elementor-widget-heading\" data-id=\"44d13a9\" data-element_type=\"widget\" data-e-type=\"widget\" data-widget_type=\"heading.default\">\n\t\t\t\t<div class=\"elementor-widget-container\">\n\t\t\t\t\t<h2 class=\"elementor-heading-title elementor-size-default\">L\u2019inspiration<\/h2>\t\t\t\t<\/div>\n\t\t\t\t<\/div>\n\t\t\t\t<div class=\"elementor-element elementor-element-e5356ae elementor-widget elementor-widget-text-editor\" data-id=\"e5356ae\" data-element_type=\"widget\" data-e-type=\"widget\" data-widget_type=\"text-editor.default\">\n\t\t\t\t<div class=\"elementor-widget-container\">\n\t\t\t\t\t\t\t\t\t<p class=\"p1\"><span class=\"s1\">La guitare classique espagnole a fait l\u2019objet de la cr\u00e9ation de grands compositeurs. Sa capacit\u00e9 pour jouer le r\u00f4le d\u2019un petit orchestre, avec sa propre personnalit\u00e9 et de nombreuses possibilit\u00e9s techniques et un jeu sonore riche en nuances, a \u00e9t\u00e9 un rappel pour la plupart d\u2019entre eux. Malgr\u00e9 tout, dans les grandes compositions musicales classiques faites au cours de l\u2019histoire la guitare n\u2019a pas jou\u00e9 un r\u00f4le de protagoniste. Il y a tr\u00e8s peu de musique \u00e9crite pour guitare et orchestre, par rapport \u00e0 tout ce qui est \u00e9crit pour piano et violon.<\/span><\/p>\t\t\t\t\t\t\t\t<\/div>\n\t\t\t\t<\/div>\n\t\t\t\t\t<\/div>\n\t\t<\/div>\n\t\t\t\t\t<\/div>\n\t\t<\/section>\n\t\t\t\t<section class=\"elementor-section elementor-top-section elementor-element elementor-element-786c124 elementor-section-boxed elementor-section-height-default elementor-section-height-default\" data-id=\"786c124\" data-element_type=\"section\" data-e-type=\"section\" data-settings=\"{&quot;background_background&quot;:&quot;classic&quot;}\">\n\t\t\t\t\t\t<div class=\"elementor-container elementor-column-gap-default\">\n\t\t\t\t\t<div class=\"elementor-column elementor-col-50 elementor-top-column elementor-element elementor-element-a28334a\" data-id=\"a28334a\" data-element_type=\"column\" data-e-type=\"column\">\n\t\t\t<div class=\"elementor-widget-wrap elementor-element-populated\">\n\t\t\t\t\t\t<div class=\"elementor-element elementor-element-6b60524 elementor-widget elementor-widget-text-editor\" data-id=\"6b60524\" data-element_type=\"widget\" data-e-type=\"widget\" data-widget_type=\"text-editor.default\">\n\t\t\t\t<div class=\"elementor-widget-container\">\n\t\t\t\t\t\t\t\t\t<p class=\"p1\"><span class=\"s1\"><i>\u201cAvancez votre corps l\u00e9g\u00e8rement pour appuyer la guitare contre votre poitrine, la po\u00e9sie de la musique doit r\u00e9sonner dans votre coeur.\u201d<\/i><\/span><\/p>\t\t\t\t\t\t\t\t<\/div>\n\t\t\t\t<\/div>\n\t\t\t\t<div class=\"elementor-element elementor-element-7f8d1b6 elementor-widget elementor-widget-text-editor\" data-id=\"7f8d1b6\" data-element_type=\"widget\" data-e-type=\"widget\" data-widget_type=\"text-editor.default\">\n\t\t\t\t<div class=\"elementor-widget-container\">\n\t\t\t\t\t\t\t\t\t<p>Andr\u00e9s Segovia<\/p>\t\t\t\t\t\t\t\t<\/div>\n\t\t\t\t<\/div>\n\t\t\t\t<div class=\"elementor-element elementor-element-a3c2f60 elementor-widget elementor-widget-text-editor\" data-id=\"a3c2f60\" data-element_type=\"widget\" data-e-type=\"widget\" data-widget_type=\"text-editor.default\">\n\t\t\t\t<div class=\"elementor-widget-container\">\n\t\t\t\t\t\t\t\t\t<p class=\"p1\"><span class=\"s1\"><i>\u201cSans la musique, la vie serait une erreur.\u201d<\/i><\/span><\/p>\t\t\t\t\t\t\t\t<\/div>\n\t\t\t\t<\/div>\n\t\t\t\t<div class=\"elementor-element elementor-element-8ae8461 elementor-widget elementor-widget-text-editor\" data-id=\"8ae8461\" data-element_type=\"widget\" data-e-type=\"widget\" data-widget_type=\"text-editor.default\">\n\t\t\t\t<div class=\"elementor-widget-container\">\n\t\t\t\t\t\t\t\t\t<p>Friedrich Nietzsche<\/p>\t\t\t\t\t\t\t\t<\/div>\n\t\t\t\t<\/div>\n\t\t\t\t\t<\/div>\n\t\t<\/div>\n\t\t\t\t<div class=\"elementor-column elementor-col-50 elementor-top-column elementor-element elementor-element-5820150\" data-id=\"5820150\" data-element_type=\"column\" data-e-type=\"column\">\n\t\t\t<div class=\"elementor-widget-wrap\">\n\t\t\t\t\t\t\t<\/div>\n\t\t<\/div>\n\t\t\t\t\t<\/div>\n\t\t<\/section>\n\t\t\t\t<section class=\"elementor-section elementor-top-section elementor-element elementor-element-a94fad7 elementor-hidden-desktop elementor-hidden-tablet elementor-hidden-mobile elementor-section-boxed elementor-section-height-default elementor-section-height-default\" data-id=\"a94fad7\" data-element_type=\"section\" data-e-type=\"section\" data-settings=\"{&quot;background_background&quot;:&quot;classic&quot;}\">\n\t\t\t\t\t\t<div class=\"elementor-container elementor-column-gap-default\">\n\t\t\t\t\t<div class=\"elementor-column elementor-col-50 elementor-top-column elementor-element elementor-element-e30d866\" data-id=\"e30d866\" data-element_type=\"column\" data-e-type=\"column\">\n\t\t\t<div class=\"elementor-widget-wrap elementor-element-populated\">\n\t\t\t\t\t\t<div class=\"elementor-element elementor-element-8741dd6 elementor-widget elementor-widget-heading\" data-id=\"8741dd6\" data-element_type=\"widget\" data-e-type=\"widget\" data-widget_type=\"heading.default\">\n\t\t\t\t<div class=\"elementor-widget-container\">\n\t\t\t\t\t<h2 class=\"elementor-heading-title elementor-size-default\">LE CONCERT\n<\/h2>\t\t\t\t<\/div>\n\t\t\t\t<\/div>\n\t\t\t\t<div class=\"elementor-element elementor-element-74d3e45 elementor-widget elementor-widget-text-editor\" data-id=\"74d3e45\" data-element_type=\"widget\" data-e-type=\"widget\" data-widget_type=\"text-editor.default\">\n\t\t\t\t<div class=\"elementor-widget-container\">\n\t\t\t\t\t\t\t\t\t<p><b>Concert hommage \u00e0 la guitare classique espagnole, \u00e0 la m\u00e9moire d\u2019\u00c1ngel G. Pi\u00f1ero.<\/b><\/p><p>Le concert a eu lieu au Teatro Real de Madrid le 24 mars 2022, avec la participation de l\u2019orchestre Orquesta Cl\u00e1sica Santa Cecilia (Fundaci\u00f3n Excelentia), dirig\u00e9 par Jos\u00e9 Antonio Monta\u00f1o, consid\u00e9r\u00e9 par \u00abl\u2019un des chefs d\u2019orchestre espagnols les plus r\u00e9put\u00e9s du moment\u00bb selon la presse musicale sp\u00e9cialis\u00e9e.<\/p><p>Avec la participation d\u2019artistes de la guitare classique espagnole renomm\u00e9s.<\/p>\t\t\t\t\t\t\t\t<\/div>\n\t\t\t\t<\/div>\n\t\t\t\t<div class=\"elementor-element elementor-element-43fd190 elementor-widget elementor-widget-text-editor\" data-id=\"43fd190\" data-element_type=\"widget\" data-e-type=\"widget\" data-widget_type=\"text-editor.default\">\n\t\t\t\t<div class=\"elementor-widget-container\">\n\t\t\t\t\t\t\t\t\t<p class=\"p1\"><span class=\"s1\"><b>Les artistes<\/b><\/span><\/p><p>Au concert ont particip\u00e9 les artistes de la guitare classique espagnole gagnants et finalistes du concours international de guitare classique \u00c1ngel G. Pi\u00f1ero, Luca Romanelli (Italie) et Stanislav Steshenko (Ukraine), et le quatuor Cuarteto Chagall (Espagne), qui ont interpr\u00e9t\u00e9 des oeuvres d\u2019\u00c1ngel G. Pi\u00f1ero, en hommage \u00e0 son extraordinaire carri\u00e8re comme compositeur. Ils ont \u00e9t\u00e9 accompagn\u00e9s par la soprano Est\u00edbaliz Martyn (Espagne) et le danseur Manuel Garrido (Espagne), de l\u2019Op\u00e9ra National de Paris, en tant qu\u2019invit\u00e9s sp\u00e9ciaux. La participation du guitariste Roman Zorkin (Russie) \u00e9tait pr\u00e9vue mais pour des raisons ind\u00e9pendantes de sa volont\u00e9, il n&rsquo;a pas pu se rendre \u00e0 Madrid pour participer \u00e0 l&rsquo;hommage \u00e0 \u00c1ngel G. Pi\u00f1ero.<\/p>\t\t\t\t\t\t\t\t<\/div>\n\t\t\t\t<\/div>\n\t\t\t\t\t<\/div>\n\t\t<\/div>\n\t\t\t\t<div class=\"elementor-column elementor-col-50 elementor-top-column elementor-element elementor-element-34f2a8f\" data-id=\"34f2a8f\" data-element_type=\"column\" data-e-type=\"column\">\n\t\t\t<div class=\"elementor-widget-wrap elementor-element-populated\">\n\t\t\t\t\t\t<div class=\"elementor-element elementor-element-e3c762e elementor-widget elementor-widget-image\" data-id=\"e3c762e\" data-element_type=\"widget\" data-e-type=\"widget\" data-widget_type=\"image.default\">\n\t\t\t\t<div class=\"elementor-widget-container\">\n\t\t\t\t\t\t\t\t\t\t\t\t\t\t\t<img loading=\"lazy\" decoding=\"async\" width=\"800\" height=\"550\" src=\"https:\/\/recuerdasdeunavida.com\/wp-content\/uploads\/2021\/07\/CONCIERTO.jpg\" class=\"attachment-large size-large wp-image-1250\" alt=\"\" srcset=\"https:\/\/recuerdasdeunavida.com\/wp-content\/uploads\/2021\/07\/CONCIERTO.jpg 855w, https:\/\/recuerdasdeunavida.com\/wp-content\/uploads\/2021\/07\/CONCIERTO-300x206.jpg 300w, https:\/\/recuerdasdeunavida.com\/wp-content\/uploads\/2021\/07\/CONCIERTO-768x528.jpg 768w\" sizes=\"(max-width: 800px) 100vw, 800px\" \/>\t\t\t\t\t\t\t\t\t\t\t\t\t\t\t<\/div>\n\t\t\t\t<\/div>\n\t\t\t\t\t<\/div>\n\t\t<\/div>\n\t\t\t\t\t<\/div>\n\t\t<\/section>\n\t\t\t\t<section class=\"elementor-section elementor-top-section elementor-element elementor-element-1aacca5 elementor-section-content-middle elementor-reverse-mobile elementor-section-boxed elementor-section-height-default elementor-section-height-default\" data-id=\"1aacca5\" data-element_type=\"section\" data-e-type=\"section\" data-settings=\"{&quot;background_background&quot;:&quot;classic&quot;}\">\n\t\t\t\t\t\t<div class=\"elementor-container elementor-column-gap-no\">\n\t\t\t\t\t<div class=\"elementor-column elementor-col-50 elementor-top-column elementor-element elementor-element-703132f\" data-id=\"703132f\" data-element_type=\"column\" data-e-type=\"column\">\n\t\t\t<div class=\"elementor-widget-wrap elementor-element-populated\">\n\t\t\t\t\t\t<div class=\"elementor-element elementor-element-b5be61b elementor-widget elementor-widget-image\" data-id=\"b5be61b\" data-element_type=\"widget\" data-e-type=\"widget\" data-widget_type=\"image.default\">\n\t\t\t\t<div class=\"elementor-widget-container\">\n\t\t\t\t\t\t\t\t\t\t\t\t\t\t\t<img loading=\"lazy\" decoding=\"async\" width=\"632\" height=\"446\" src=\"https:\/\/recuerdasdeunavida.com\/wp-content\/uploads\/2021\/07\/3.jpg\" class=\"attachment-full size-full wp-image-1241\" alt=\"\" srcset=\"https:\/\/recuerdasdeunavida.com\/wp-content\/uploads\/2021\/07\/3.jpg 632w, https:\/\/recuerdasdeunavida.com\/wp-content\/uploads\/2021\/07\/3-300x212.jpg 300w\" sizes=\"(max-width: 632px) 100vw, 632px\" \/>\t\t\t\t\t\t\t\t\t\t\t\t\t\t\t<\/div>\n\t\t\t\t<\/div>\n\t\t\t\t\t<\/div>\n\t\t<\/div>\n\t\t\t\t<div class=\"elementor-column elementor-col-50 elementor-top-column elementor-element elementor-element-5b7a1b3\" data-id=\"5b7a1b3\" data-element_type=\"column\" data-e-type=\"column\">\n\t\t\t<div class=\"elementor-widget-wrap elementor-element-populated\">\n\t\t\t\t\t\t<div class=\"elementor-element elementor-element-35b3209 elementor-widget elementor-widget-text-editor\" data-id=\"35b3209\" data-element_type=\"widget\" data-e-type=\"widget\" data-widget_type=\"text-editor.default\">\n\t\t\t\t<div class=\"elementor-widget-container\">\n\t\t\t\t\t\t\t\t\t<p class=\"p1\"><span class=\"s1\"><i>\u201cIl y a tr\u00e8s peu de musique \u00e9crite pour guitare et orchestre, par rapport \u00e0 tout ce qui est \u00e9crit pour piano et violon. C\u2019est pour cette raison que je me suis d\u00e9di\u00e9 \u00e0 combler cette lacune, dans mon r\u00f4le de compositeur pour guitare et orchestre symphonique et pour guitare et quatuor \u00e0 cordes. Pour diffuser la guitare classique espagnole dans le monde entier.\u201d<\/i><\/span><\/p>\t\t\t\t\t\t\t\t<\/div>\n\t\t\t\t<\/div>\n\t\t\t\t<div class=\"elementor-element elementor-element-d0dd131 elementor-widget elementor-widget-text-editor\" data-id=\"d0dd131\" data-element_type=\"widget\" data-e-type=\"widget\" data-widget_type=\"text-editor.default\">\n\t\t\t\t<div class=\"elementor-widget-container\">\n\t\t\t\t\t\t\t\t\t<p>\u00c1ngel G. Pi\u00f1ero<\/p>\t\t\t\t\t\t\t\t<\/div>\n\t\t\t\t<\/div>\n\t\t\t\t\t<\/div>\n\t\t<\/div>\n\t\t\t\t\t<\/div>\n\t\t<\/section>\n\t\t\t\t<\/div>\n\t\t","protected":false},"excerpt":{"rendered":"<p>\u00ab\u00a0Seul celui qui reste dans l&rsquo;oubli meurt\u00a0\u00bb Ce site est un hommage \u00e0 la figure d&rsquo;un homme extraordinaire, qui a consacr\u00e9 une grande partie de sa vie \u00e0 l&rsquo;une de ses grandes passions: la guitare classique espagnole. La m\u00e9moire et la pr\u00e9sence constante de son travail sur d&rsquo;innombrables sc\u00e8nes \u00e0 travers le monde sont la [&hellip;]<\/p>\n","protected":false},"author":1,"featured_media":0,"parent":0,"menu_order":0,"comment_status":"closed","ping_status":"closed","template":"","meta":{"footnotes":""},"class_list":["post-1235","page","type-page","status-publish","hentry"],"_links":{"self":[{"href":"https:\/\/recuerdasdeunavida.com\/fr\/wp-json\/wp\/v2\/pages\/1235","targetHints":{"allow":["GET"]}}],"collection":[{"href":"https:\/\/recuerdasdeunavida.com\/fr\/wp-json\/wp\/v2\/pages"}],"about":[{"href":"https:\/\/recuerdasdeunavida.com\/fr\/wp-json\/wp\/v2\/types\/page"}],"author":[{"embeddable":true,"href":"https:\/\/recuerdasdeunavida.com\/fr\/wp-json\/wp\/v2\/users\/1"}],"replies":[{"embeddable":true,"href":"https:\/\/recuerdasdeunavida.com\/fr\/wp-json\/wp\/v2\/comments?post=1235"}],"version-history":[{"count":40,"href":"https:\/\/recuerdasdeunavida.com\/fr\/wp-json\/wp\/v2\/pages\/1235\/revisions"}],"predecessor-version":[{"id":4003,"href":"https:\/\/recuerdasdeunavida.com\/fr\/wp-json\/wp\/v2\/pages\/1235\/revisions\/4003"}],"wp:attachment":[{"href":"https:\/\/recuerdasdeunavida.com\/fr\/wp-json\/wp\/v2\/media?parent=1235"}],"curies":[{"name":"wp","href":"https:\/\/api.w.org\/{rel}","templated":true}]}}