{"id":1390,"date":"2021-07-07T16:29:06","date_gmt":"2021-07-07T16:29:06","guid":{"rendered":"https:\/\/recuerdasdeunavida.com\/la-orquesta\/"},"modified":"2021-12-14T08:28:31","modified_gmt":"2021-12-14T07:28:31","slug":"la-orquesta","status":"publish","type":"page","link":"https:\/\/recuerdasdeunavida.com\/fr\/la-orquesta\/","title":{"rendered":"L\u2019orchestre"},"content":{"rendered":"\t\t<div data-elementor-type=\"wp-page\" data-elementor-id=\"1390\" class=\"elementor elementor-1390 elementor-107\" data-elementor-post-type=\"page\">\n\t\t\t\t\t\t<section class=\"elementor-section elementor-top-section elementor-element elementor-element-2c03fa6 elementor-section-boxed elementor-section-height-default elementor-section-height-default\" data-id=\"2c03fa6\" data-element_type=\"section\" data-e-type=\"section\" data-settings=\"{&quot;background_background&quot;:&quot;classic&quot;}\">\n\t\t\t\t\t\t<div class=\"elementor-container elementor-column-gap-default\">\n\t\t\t\t\t<div class=\"elementor-column elementor-col-100 elementor-top-column elementor-element elementor-element-2f4b588\" data-id=\"2f4b588\" data-element_type=\"column\" data-e-type=\"column\">\n\t\t\t<div class=\"elementor-widget-wrap elementor-element-populated\">\n\t\t\t\t\t\t<div class=\"elementor-element elementor-element-dd93e1b elementor-widget elementor-widget-heading\" data-id=\"dd93e1b\" data-element_type=\"widget\" data-e-type=\"widget\" data-widget_type=\"heading.default\">\n\t\t\t\t<div class=\"elementor-widget-container\">\n\t\t\t\t\t<h2 class=\"elementor-heading-title elementor-size-default\">LE CONCERT  &gt; L\u2019ORCHESTRE\n <\/h2>\t\t\t\t<\/div>\n\t\t\t\t<\/div>\n\t\t\t\t\t<\/div>\n\t\t<\/div>\n\t\t\t\t\t<\/div>\n\t\t<\/section>\n\t\t\t\t<section class=\"elementor-section elementor-top-section elementor-element elementor-element-aa8ef4e elementor-section-content-middle elementor-reverse-mobile elementor-section-boxed elementor-section-height-default elementor-section-height-default\" data-id=\"aa8ef4e\" data-element_type=\"section\" data-e-type=\"section\" data-settings=\"{&quot;background_background&quot;:&quot;classic&quot;}\">\n\t\t\t\t\t\t<div class=\"elementor-container elementor-column-gap-no\">\n\t\t\t\t\t<div class=\"elementor-column elementor-col-50 elementor-top-column elementor-element elementor-element-fafc4ca\" data-id=\"fafc4ca\" data-element_type=\"column\" data-e-type=\"column\">\n\t\t\t<div class=\"elementor-widget-wrap elementor-element-populated\">\n\t\t\t\t\t\t<div class=\"elementor-element elementor-element-c409dd2 elementor-widget elementor-widget-heading\" data-id=\"c409dd2\" data-element_type=\"widget\" data-e-type=\"widget\" data-widget_type=\"heading.default\">\n\t\t\t\t<div class=\"elementor-widget-container\">\n\t\t\t\t\t<h2 class=\"elementor-heading-title elementor-size-default\">L\u2019ORCHESTRE CL\u00c1SICA SANTA CECILIA\n<\/h2>\t\t\t\t<\/div>\n\t\t\t\t<\/div>\n\t\t\t\t<div class=\"elementor-element elementor-element-24fade3 elementor-widget elementor-widget-text-editor\" data-id=\"24fade3\" data-element_type=\"widget\" data-e-type=\"widget\" data-widget_type=\"text-editor.default\">\n\t\t\t\t<div class=\"elementor-widget-container\">\n\t\t\t\t\t\t\t\t\t<p class=\"p1\"><span class=\"s1\">L\u2019orchestre <i>Cl\u00e1sica Santa Cecilia<\/i> est <b>int\u00e9gr\u00e9 par des professionnels fortement exp\u00e9riment\u00e9s<\/b>, qui ont fait partie des orchestres plus prestigieux d\u2019Espagne et d\u2019Europe, ce qui leur permet d\u2019interpr\u00e9ter les r\u00e9pertoires classiques avec la meilleur qualit\u00e9 musicale.<\/span><\/p>\t\t\t\t\t\t\t\t<\/div>\n\t\t\t\t<\/div>\n\t\t\t\t<div class=\"elementor-element elementor-element-cf705bf elementor-widget elementor-widget-image\" data-id=\"cf705bf\" data-element_type=\"widget\" data-e-type=\"widget\" data-widget_type=\"image.default\">\n\t\t\t\t<div class=\"elementor-widget-container\">\n\t\t\t\t\t\t\t\t\t\t\t\t\t\t\t\t<a href=\"https:\/\/fundacionexcelentia.org\/\" target=\"_blank\">\n\t\t\t\t\t\t\t<img decoding=\"async\" width=\"42\" height=\"63\" src=\"https:\/\/recuerdasdeunavida.com\/wp-content\/uploads\/2021\/07\/WEB.png\" class=\"attachment-large size-large wp-image-1267\" alt=\"\" \/>\t\t\t\t\t\t\t\t<\/a>\n\t\t\t\t\t\t\t\t\t\t\t\t\t\t\t<\/div>\n\t\t\t\t<\/div>\n\t\t\t\t\t<\/div>\n\t\t<\/div>\n\t\t\t\t<div class=\"elementor-column elementor-col-50 elementor-top-column elementor-element elementor-element-f038ee2\" data-id=\"f038ee2\" data-element_type=\"column\" data-e-type=\"column\">\n\t\t\t<div class=\"elementor-widget-wrap\">\n\t\t\t\t\t\t\t<\/div>\n\t\t<\/div>\n\t\t\t\t\t<\/div>\n\t\t<\/section>\n\t\t\t\t<section class=\"elementor-section elementor-top-section elementor-element elementor-element-c14facd elementor-section-boxed elementor-section-height-default elementor-section-height-default\" data-id=\"c14facd\" data-element_type=\"section\" data-e-type=\"section\">\n\t\t\t\t\t\t<div class=\"elementor-container elementor-column-gap-default\">\n\t\t\t\t\t<div class=\"elementor-column elementor-col-50 elementor-top-column elementor-element elementor-element-97a1b9c\" data-id=\"97a1b9c\" data-element_type=\"column\" data-e-type=\"column\">\n\t\t\t<div class=\"elementor-widget-wrap elementor-element-populated\">\n\t\t\t\t\t\t<div class=\"elementor-element elementor-element-a98c1a2 elementor-widget elementor-widget-heading\" data-id=\"a98c1a2\" data-element_type=\"widget\" data-e-type=\"widget\" data-widget_type=\"heading.default\">\n\t\t\t\t<div class=\"elementor-widget-container\">\n\t\t\t\t\t<h2 class=\"elementor-heading-title elementor-size-default\">Partenaires renom\u00e9s\n<\/h2>\t\t\t\t<\/div>\n\t\t\t\t<\/div>\n\t\t\t\t<div class=\"elementor-element elementor-element-bd706f8 elementor-widget elementor-widget-text-editor\" data-id=\"bd706f8\" data-element_type=\"widget\" data-e-type=\"widget\" data-widget_type=\"text-editor.default\">\n\t\t\t\t<div class=\"elementor-widget-container\">\n\t\t\t\t\t\t\t\t\t<p class=\"p1\"><span class=\"s1\"><b>L\u2019orchestre a \u00e9t\u00e9 dirig\u00e9 par d\u2019importants directeurs<\/b>, tels que Roberto Abbado, Julian Rachlin, Grzegorz Nowak, Michail Jurowski, Jean- Jacques Kantorow, Thomas Sanderling, Alexander Polyanichko, entre autres.<\/span><\/p><p class=\"p1\"><span class=\"s1\"><b>Entre autres grands solistes de la sc\u00e8ne international, ces solistes instrumentaux ont jou\u00e9 avec le Santa Cecilia Classical Orchestra:<\/b> Krystian Zimerman, Nicola Benedetti, Vadim Gluzman, Vadim Repin, Julian Rachlin, Alexei Volodin, Gabriela Montero, Boris Andrianov, Vesko Eschkenazy, Renaud Capu\u00e7on, Maxim Rysanov, Vlatkovic, Leticia Moreno, Eric Le Sage, Clara Jumi Kang.<\/span><\/p><p class=\"p1\"><span class=\"s1\">L&rsquo;Orchestre invite r\u00e9guli\u00e8rement des concertinos des meilleurs orchestres du monde, comme le Royal Contergebouw Orchestra \u00e0 Amsterdam, l&rsquo;Orchestre philharmonique d&rsquo;Isra\u00ebl, pour n&rsquo;en citer que quelques-uns.<\/span><\/p>\t\t\t\t\t\t\t\t<\/div>\n\t\t\t\t<\/div>\n\t\t\t\t\t<\/div>\n\t\t<\/div>\n\t\t\t\t<div class=\"elementor-column elementor-col-50 elementor-top-column elementor-element elementor-element-eeb2b57\" data-id=\"eeb2b57\" data-element_type=\"column\" data-e-type=\"column\">\n\t\t\t<div class=\"elementor-widget-wrap elementor-element-populated\">\n\t\t\t\t\t\t<div class=\"elementor-element elementor-element-c678dd5 elementor-widget elementor-widget-image\" data-id=\"c678dd5\" data-element_type=\"widget\" data-e-type=\"widget\" data-widget_type=\"image.default\">\n\t\t\t\t<div class=\"elementor-widget-container\">\n\t\t\t\t\t\t\t\t\t\t\t\t\t\t\t<img fetchpriority=\"high\" decoding=\"async\" width=\"800\" height=\"601\" src=\"https:\/\/recuerdasdeunavida.com\/wp-content\/uploads\/2021\/07\/CONCERT2.jpg\" class=\"attachment-large size-large wp-image-1263\" alt=\"\" srcset=\"https:\/\/recuerdasdeunavida.com\/wp-content\/uploads\/2021\/07\/CONCERT2.jpg 830w, https:\/\/recuerdasdeunavida.com\/wp-content\/uploads\/2021\/07\/CONCERT2-300x226.jpg 300w, https:\/\/recuerdasdeunavida.com\/wp-content\/uploads\/2021\/07\/CONCERT2-768x577.jpg 768w\" sizes=\"(max-width: 800px) 100vw, 800px\" \/>\t\t\t\t\t\t\t\t\t\t\t\t\t\t\t<\/div>\n\t\t\t\t<\/div>\n\t\t\t\t\t<\/div>\n\t\t<\/div>\n\t\t\t\t\t<\/div>\n\t\t<\/section>\n\t\t\t\t<section class=\"elementor-section elementor-top-section elementor-element elementor-element-be1438d elementor-section-content-middle elementor-reverse-mobile elementor-section-boxed elementor-section-height-default elementor-section-height-default\" data-id=\"be1438d\" data-element_type=\"section\" data-e-type=\"section\" data-settings=\"{&quot;background_background&quot;:&quot;classic&quot;}\">\n\t\t\t\t\t\t<div class=\"elementor-container elementor-column-gap-no\">\n\t\t\t\t\t<div class=\"elementor-column elementor-col-50 elementor-top-column elementor-element elementor-element-9a0d9cf\" data-id=\"9a0d9cf\" data-element_type=\"column\" data-e-type=\"column\">\n\t\t\t<div class=\"elementor-widget-wrap\">\n\t\t\t\t\t\t\t<\/div>\n\t\t<\/div>\n\t\t\t\t<div class=\"elementor-column elementor-col-50 elementor-top-column elementor-element elementor-element-fce1da2\" data-id=\"fce1da2\" data-element_type=\"column\" data-e-type=\"column\">\n\t\t\t<div class=\"elementor-widget-wrap elementor-element-populated\">\n\t\t\t\t\t\t<div class=\"elementor-element elementor-element-86dea4e elementor-widget elementor-widget-heading\" data-id=\"86dea4e\" data-element_type=\"widget\" data-e-type=\"widget\" data-widget_type=\"heading.default\">\n\t\t\t\t<div class=\"elementor-widget-container\">\n\t\t\t\t\t<h2 class=\"elementor-heading-title elementor-size-default\">Des performances dans les meilleures sc\u00e8nes\n<\/h2>\t\t\t\t<\/div>\n\t\t\t\t<\/div>\n\t\t\t\t<div class=\"elementor-element elementor-element-2b059ee elementor-widget elementor-widget-text-editor\" data-id=\"2b059ee\" data-element_type=\"widget\" data-e-type=\"widget\" data-widget_type=\"text-editor.default\">\n\t\t\t\t<div class=\"elementor-widget-container\">\n\t\t\t\t\t\t\t\t\t<p class=\"p1\"><span class=\"s1\">L&rsquo;orchestre <i>Cl\u00e1sica Santa Cecilia<\/i> s&rsquo;est produit sur des sc\u00e8nes telles que le Th\u00e9\u00e2tre Royal de Madrid, le Palais Euskalduna de Bilbao et au Palau de la M\u00fasica de Valence, l&rsquo;Auditorium Miguel Delibes de Valladolid, l&rsquo;Auditorium de Saragosse, l&rsquo;Auditorium de Barcelone, parmi bien d&rsquo;autres emplacements s\u00e9lectionn\u00e9s.<\/span><\/p><p class=\"p1\"><span class=\"s1\">L\u2019orchestre <i>Cl\u00e1sica Santa Cecilia<\/i> a particip\u00e9 aussi \u00e0 de grands festivals culturels, comme celui de Santander, de Galice et Pedraza.<\/span><\/p><p class=\"p1\"><span class=\"s1\">Plus r\u00e9cemment elle a particip\u00e9 au Festival Zurich International Orchestra Series au Cadogan Hall de Londres.<span class=\"Apple-converted-space\">\u00a0<\/span><\/span><\/p>\t\t\t\t\t\t\t\t<\/div>\n\t\t\t\t<\/div>\n\t\t\t\t\t<\/div>\n\t\t<\/div>\n\t\t\t\t\t<\/div>\n\t\t<\/section>\n\t\t\t\t<section class=\"elementor-section elementor-top-section elementor-element elementor-element-3e2653c elementor-section-boxed elementor-section-height-default elementor-section-height-default\" data-id=\"3e2653c\" data-element_type=\"section\" data-e-type=\"section\">\n\t\t\t\t\t\t<div class=\"elementor-container elementor-column-gap-default\">\n\t\t\t\t\t<div class=\"elementor-column elementor-col-100 elementor-top-column elementor-element elementor-element-b413e71\" data-id=\"b413e71\" data-element_type=\"column\" data-e-type=\"column\">\n\t\t\t<div class=\"elementor-widget-wrap elementor-element-populated\">\n\t\t\t\t\t\t<div class=\"elementor-element elementor-element-27f176b elementor-widget elementor-widget-heading\" data-id=\"27f176b\" data-element_type=\"widget\" data-e-type=\"widget\" data-widget_type=\"heading.default\">\n\t\t\t\t<div class=\"elementor-widget-container\">\n\t\t\t\t\t<h2 class=\"elementor-heading-title elementor-size-default\">L\u2019orchestre Cl\u00e1sica Santa Cecilia dans la presse\n<\/h2>\t\t\t\t<\/div>\n\t\t\t\t<\/div>\n\t\t\t\t\t<\/div>\n\t\t<\/div>\n\t\t\t\t\t<\/div>\n\t\t<\/section>\n\t\t\t\t<section class=\"elementor-section elementor-top-section elementor-element elementor-element-2bd7125 elementor-section-boxed elementor-section-height-default elementor-section-height-default\" data-id=\"2bd7125\" data-element_type=\"section\" data-e-type=\"section\">\n\t\t\t\t\t\t<div class=\"elementor-container elementor-column-gap-default\">\n\t\t\t\t\t<div class=\"elementor-column elementor-col-50 elementor-top-column elementor-element elementor-element-07005e1\" data-id=\"07005e1\" data-element_type=\"column\" data-e-type=\"column\">\n\t\t\t<div class=\"elementor-widget-wrap elementor-element-populated\">\n\t\t\t\t\t\t<div class=\"elementor-element elementor-element-ec8efe6 elementor-widget elementor-widget-tp-accordion\" data-id=\"ec8efe6\" data-element_type=\"widget\" data-e-type=\"widget\" data-widget_type=\"tp-accordion.default\">\n\t\t\t\t<div class=\"elementor-widget-container\">\n\t\t\t\t\t\n<div class=\"theplus-accordion-wrapper elementor-accordion   \"\n    id=\"accordion69da3f975a163\" data-accordion-id=\"accordion69da3f975a163\"\n    data-connection=\"\"\n    data-accordion-type=\"accordion\"\n    data-heightlight-text       role=\"tablist\" >\n\n            <div class=\"theplus-accordion-item\"  role=\"tab\">\n            <div id=\"elementor-tab-title-2481\" class=\"elementor-tab-title plus-accordion-header active-default text-left \" data-tab=\"1\" aria-controls=\"elementor-tab-content-2481\">\n                                                <span class=\"accordion-icon-prefix \"><span\n                        class=\"plus-icon-accordion\"><i aria-hidden=\"true\" class=\"far fa-newspaper\"><\/i><\/span><\/span>\n                \n                <span style=\"width:100%\">EL INDEPENDIENTE (27\/03\/2019).<br><b>  80 A\u00d1OS DE LA REINA SOF\u00cdA<\/b><\/span>                <span class=\"elementor-accordion-icon elementor-accordion-icon-right\" aria-hidden=\"true\"><span class=\"elementor-accordion-icon-closed\"><i aria-hidden=\"true\" class=\"fas fa-chevron-up\"><\/i><\/span><span class=\"elementor-accordion-icon-opened\"><i aria-hidden=\"true\" class=\"fas fa-chevron-down\"><\/i><\/span><\/span>            <\/div>\n\n                        <div id=\"elementor-tab-content-2481\" class=\"elementor-tab-content elementor-clearfix plus-accordion-content active-default \" data-tab=\"1\" role=\"tabpanel\" aria-labelledby=\"elementor-tab-title-2481\">\n                <div class=\"plus-content-editor\" ><p><strong>La Agencia EFE celebrar\u00e1 con m\u00fasica los 80 a\u00f1os de su recorrido y los de la reina Sof\u00eda.<br \/><\/strong> La Agencia EFE celebrar\u00e1 este jueves un nuevo acto, dentro de su 80 aniversario, con un concierto organizado en el Auditorio Nacional de Madrid, junto con la Fundaci\u00f3n Excelentia, que estar\u00e1 presidido por la reina Sof\u00eda quien ha presidido el concierto anual de m\u00fasica cl\u00e1sica de la agencia y la fundaci\u00f3n en los \u00faltimos a\u00f1os\u2026 \u2026La Orquesta Cl\u00e1sica Santa Cecilia interpretar\u00e1 el concierto para viol\u00edn de Mozart y la 5 sinfon\u00eda de Tchaikovsky\u2026<\/p><p><a href=\"https:\/\/www.elindependiente.com\/series-y-television\/comunicacion\/2019\/03\/27\/80-anos-la-reina-sofia\/\" target=\"_blank\" rel=\"noopener\">Ver m\u00e1s<\/a><\/p><\/div>\n            <\/div>\n                    <\/div>\n                <div class=\"theplus-accordion-item\"  role=\"tab\">\n            <div id=\"elementor-tab-title-2482\" class=\"elementor-tab-title plus-accordion-header no text-left \" data-tab=\"2\" aria-controls=\"elementor-tab-content-2482\">\n                                                <span class=\"accordion-icon-prefix \"><span\n                        class=\"plus-icon-accordion\"><i aria-hidden=\"true\" class=\"far fa-newspaper\"><\/i><\/span><\/span>\n                \n                <span style=\"width:100%\">ANTENA 3 (13\/10\/2018). <br><b>  LA ORQUESTA CL\u00c1SICA SANTA CECILIA TRAE  A ESPA\u00d1A LA BANDA SONORA DE HARRY POTTER<\/b><\/span>                <span class=\"elementor-accordion-icon elementor-accordion-icon-right\" aria-hidden=\"true\"><span class=\"elementor-accordion-icon-closed\"><i aria-hidden=\"true\" class=\"fas fa-chevron-up\"><\/i><\/span><span class=\"elementor-accordion-icon-opened\"><i aria-hidden=\"true\" class=\"fas fa-chevron-down\"><\/i><\/span><\/span>            <\/div>\n\n                        <div id=\"elementor-tab-content-2482\" class=\"elementor-tab-content elementor-clearfix plus-accordion-content no \" data-tab=\"2\" role=\"tabpanel\" aria-labelledby=\"elementor-tab-title-2482\">\n                <div class=\"plus-content-editor\" ><p class=\"p1\">\u2026Los cien m\u00fasicos que componen la orquesta no tienen monitores para seguir la pel\u00edcula, la dificultad para ellos es ajustar cada nota de cada canci\u00f3n a la escena y hacerlo en directo.<\/p><p class=\"p1\">\u00ab\u00a0El momento del directo es irrepetible y, en ese momento, lo que vas a sentir no lo vas a sentir en tu casa\u00a0\u00bb, insiste Javier Mart\u00ed, Presidente de la Orquesta cl\u00e1sica Santa Cecilia\u2026<\/p><p><a href=\"https:\/\/www.antena3.com\/noticias\/sociedad\/la-orquesta-clasica-santa-cecilia-trae-a-madrid-la-banda-sonora-de-harry-potter_20170103586bbaf40cf2187c0d3f0670.html\" target=\"_blank\" rel=\"noopener\">Ver m\u00e1s<\/a><\/p><\/div>\n            <\/div>\n                    <\/div>\n        \n<\/div>\n\t\t\t\t<\/div>\n\t\t\t\t<\/div>\n\t\t\t\t\t<\/div>\n\t\t<\/div>\n\t\t\t\t<div class=\"elementor-column elementor-col-50 elementor-top-column elementor-element elementor-element-f65175b\" data-id=\"f65175b\" data-element_type=\"column\" data-e-type=\"column\">\n\t\t\t<div class=\"elementor-widget-wrap elementor-element-populated\">\n\t\t\t\t\t\t<div class=\"elementor-element elementor-element-22f1712 elementor-widget elementor-widget-tp-accordion\" data-id=\"22f1712\" data-element_type=\"widget\" data-e-type=\"widget\" data-widget_type=\"tp-accordion.default\">\n\t\t\t\t<div class=\"elementor-widget-container\">\n\t\t\t\t\t\n<div class=\"theplus-accordion-wrapper elementor-accordion   \"\n    id=\"accordion69da3f975dd46\" data-accordion-id=\"accordion69da3f975dd46\"\n    data-connection=\"\"\n    data-accordion-type=\"accordion\"\n    data-heightlight-text       role=\"tablist\" >\n\n            <div class=\"theplus-accordion-item\"  role=\"tab\">\n            <div id=\"elementor-tab-title-3661\" class=\"elementor-tab-title plus-accordion-header 0 text-left \" data-tab=\"1\" aria-controls=\"elementor-tab-content-3661\">\n                                                <span class=\"accordion-icon-prefix \"><span\n                        class=\"plus-icon-accordion\"><i aria-hidden=\"true\" class=\"far fa-newspaper\"><\/i><\/span><\/span>\n                \n                <span style=\"width:100%\">EL PA\u00cdS (13\/10\/2016).  <br> <b> NOCHE DE CINE EN EL AUDITORIO.<\/b><\/span>                <span class=\"elementor-accordion-icon elementor-accordion-icon-right\" aria-hidden=\"true\"><span class=\"elementor-accordion-icon-closed\"><i aria-hidden=\"true\" class=\"fas fa-chevron-up\"><\/i><\/span><span class=\"elementor-accordion-icon-opened\"><i aria-hidden=\"true\" class=\"fas fa-chevron-down\"><\/i><\/span><\/span>            <\/div>\n\n                        <div id=\"elementor-tab-content-3661\" class=\"elementor-tab-content elementor-clearfix plus-accordion-content 0 \" data-tab=\"1\" role=\"tabpanel\" aria-labelledby=\"elementor-tab-title-3661\">\n                <div class=\"plus-content-editor\" ><p class=\"p1\">La orquesta cl\u00e1sica Santa Cecilia y la Fundaci\u00f3n Coral Excelentia de Madrid repasan las grandes bandas sonoras y canciones de pel\u00edcula en un concierto.<\/p><p class=\"p1\">La Fundaci\u00f3n Excelentia y la orquesta sinf\u00f3nica Santa Cecilia ofreci\u00f3 la noche del martes en el Auditorio Nacional un recital de cine, en el que repas\u00f3 las bandas sonoras y canciones de pel\u00edculas m\u00e1s conocidas para el gran p\u00fablico. A la batuta, el director Kynan Johns.<\/p><p><a href=\"https:\/\/elpais.com\/ccaa\/2016\/10\/13\/madrid\/1476349035_267509.html\" target=\"_blank\" rel=\"noopener\">Ver m\u00e1s<\/a><\/p><\/div>\n            <\/div>\n                    <\/div>\n                <div class=\"theplus-accordion-item\"  role=\"tab\">\n            <div id=\"elementor-tab-title-3662\" class=\"elementor-tab-title plus-accordion-header 0 text-left \" data-tab=\"2\" aria-controls=\"elementor-tab-content-3662\">\n                                                <span class=\"accordion-icon-prefix \"><span\n                        class=\"plus-icon-accordion\"><i aria-hidden=\"true\" class=\"far fa-newspaper\"><\/i><\/span><\/span>\n                \n                <span style=\"width:100%\">EL PA\u00cdS (27\/09\/2016).  <\/br> <b>  El \u2018Concierto de Aranjuez\u2019 viaja a Londres con la Fundaci\u00f3n Excelentia<\/b><\/span>                <span class=\"elementor-accordion-icon elementor-accordion-icon-right\" aria-hidden=\"true\"><span class=\"elementor-accordion-icon-closed\"><i aria-hidden=\"true\" class=\"fas fa-chevron-up\"><\/i><\/span><span class=\"elementor-accordion-icon-opened\"><i aria-hidden=\"true\" class=\"fas fa-chevron-down\"><\/i><\/span><\/span>            <\/div>\n\n                        <div id=\"elementor-tab-content-3662\" class=\"elementor-tab-content elementor-clearfix plus-accordion-content 0 \" data-tab=\"2\" role=\"tabpanel\" aria-labelledby=\"elementor-tab-title-3662\">\n                <div class=\"plus-content-editor\" ><p class=\"p1\">La orquesta y el coro de la entidad espa\u00f1ola inician su temporada con recitales que los llevar\u00e1n por primera vez a Inglaterra.<\/p><p class=\"p1\">La Fundaci\u00f3n Excelentia inaugura su temporada 2016-2017 en Madrid, pero por vez primera viajar\u00e1 a Barcelona e Inglaterra. En un a\u00f1o que dedicar\u00e1 a conmemorar el 15 aniversario de su Orquesta Cl\u00e1sica Santa Cecilia y el quinto de su coro Sociedad Coral Excelentia, la asociaci\u00f3n arranca ma\u00f1ana, mi\u00e9rcoles, con un concierto en el Teatro Real, con la Sinfon\u00eda n\u00ba 9 de Beethoven y la Misa de Coronaci\u00f3n de Mozart. A partir del jueves, en la Sala Sinf\u00f3nica del Auditorio Nacional de M\u00fasica de la capital, llegar\u00e1 el Concierto de Aranjuez, que presentar\u00e1n el 4 de octubre en el Cadogan Hall de Londres, y desde el 4 de noviembre por primera vez en Barcelona.<\/p><p><a href=\"https:\/\/elpais.com\/cultura\/2016\/09\/27\/actualidad\/1474992845_649124.html\" target=\"_blank\" rel=\"noopener\">Ver m\u00e1s<\/a><\/p><\/div>\n            <\/div>\n                    <\/div>\n        \n<\/div>\n\t\t\t\t<\/div>\n\t\t\t\t<\/div>\n\t\t\t\t\t<\/div>\n\t\t<\/div>\n\t\t\t\t\t<\/div>\n\t\t<\/section>\n\t\t\t\t<\/div>\n\t\t","protected":false},"excerpt":{"rendered":"<p>LE CONCERT > L\u2019ORCHESTRE L\u2019ORCHESTRE CL\u00c1SICA SANTA CECILIA L\u2019orchestre Cl\u00e1sica Santa Cecilia est int\u00e9gr\u00e9 par des professionnels fortement exp\u00e9riment\u00e9s, qui ont fait partie des orchestres plus prestigieux d\u2019Espagne et d\u2019Europe, ce qui leur permet d\u2019interpr\u00e9ter les r\u00e9pertoires classiques avec la meilleur qualit\u00e9 musicale. Partenaires renom\u00e9s L\u2019orchestre a \u00e9t\u00e9 dirig\u00e9 par d\u2019importants directeurs, tels que Roberto [&hellip;]<\/p>\n","protected":false},"author":1,"featured_media":0,"parent":0,"menu_order":0,"comment_status":"closed","ping_status":"closed","template":"","meta":{"footnotes":""},"class_list":["post-1390","page","type-page","status-publish","hentry"],"_links":{"self":[{"href":"https:\/\/recuerdasdeunavida.com\/fr\/wp-json\/wp\/v2\/pages\/1390","targetHints":{"allow":["GET"]}}],"collection":[{"href":"https:\/\/recuerdasdeunavida.com\/fr\/wp-json\/wp\/v2\/pages"}],"about":[{"href":"https:\/\/recuerdasdeunavida.com\/fr\/wp-json\/wp\/v2\/types\/page"}],"author":[{"embeddable":true,"href":"https:\/\/recuerdasdeunavida.com\/fr\/wp-json\/wp\/v2\/users\/1"}],"replies":[{"embeddable":true,"href":"https:\/\/recuerdasdeunavida.com\/fr\/wp-json\/wp\/v2\/comments?post=1390"}],"version-history":[{"count":11,"href":"https:\/\/recuerdasdeunavida.com\/fr\/wp-json\/wp\/v2\/pages\/1390\/revisions"}],"predecessor-version":[{"id":1886,"href":"https:\/\/recuerdasdeunavida.com\/fr\/wp-json\/wp\/v2\/pages\/1390\/revisions\/1886"}],"wp:attachment":[{"href":"https:\/\/recuerdasdeunavida.com\/fr\/wp-json\/wp\/v2\/media?parent=1390"}],"curies":[{"name":"wp","href":"https:\/\/api.w.org\/{rel}","templated":true}]}}